{"id":216,"date":"2010-11-06T12:25:48","date_gmt":"2010-11-06T10:25:48","guid":{"rendered":"http:\/\/www.cbland.net\/pluschanfansub\/?page_id=216"},"modified":"2010-11-06T12:46:38","modified_gmt":"2010-11-06T10:46:38","slug":"faq","status":"publish","type":"page","link":"http:\/\/pluschan.lacumpa.biz\/?page_id=216","title":{"rendered":"FAQ"},"content":{"rendered":"<p><strong>Linee Guida<\/strong><\/p>\n<p>Noi del Pluschan Fansub siamo appassionati di animazione, per questo a titolo gratuito vi proponiamo, sottotitolati in italiano, anime da noi ritenuti interessanti, cercando di offrire un&#8217;edizione fruibile da tutti e lavorata con cura.<br \/>\nCon la nostra opera non si intende invece danneggiare i profitti di chi produce, sponsorizza e vende questi anime, n\u00e9 degli editori italiani che cercano di portare animazione in un mercato cos\u00ec difficile.<br \/>\nQuesto implica che non pretendiamo nulla, ma ci sembra giusto chiedere a chi scarica i nostri lavori di supportare l&#8217;animazione giapponese e di non distribuire pi\u00f9 i file nel caso l&#8217;anime venga licenziato in Italia.<br \/>\nPer correttezza se dovete ri-uppare il file vi chiediamo quindi di lasciare i credits intatti e di esortare gli utenti a supportare l&#8217;animazione giapponese, se nessuno lo facesse non ci sarebbe niente di tutto questo, gentilmente quindi se potete linkate questa pagina o aggiungete un breve &#8220;Pluschan Fansub vi invita a supportare l&#8217;animazione giapponese&#8221;, \u00e8 poco, non servir\u00e0 a nulla ma ci pare corretto farlo.<\/p>\n<p><strong>Hardsub e Karaoke<\/strong><\/p>\n<p>Al momento non siamo interessati a nessuno dei due, n\u00e9 siamo interessati a discuterne in generale, il Karaoke attualmente non piace a nessuno del gruppo e ci pare solo una perdita di tempo, il Softsub con pubblicazione online di tutto il materiale \u00e8 una fissa dell&#8217;attuale encoder, e coincide con l&#8217;intento di permettere a tutti di usfruire dei sottotitoli, senza limitazioni di sorta.<\/p>\n<p><strong>Critiche<\/strong><\/p>\n<p>Noi del Pluschan Fansub siamo assolutamente aperti alle critiche, e se trovate un errore state certi che vi ringrazieremo e cercheremo di correggerlo il prima possibile, con una v2 se l&#8217;errore \u00e8 grave, con un semplice aggiornamento dei file scaricabile se l&#8217;errore \u00e8 minore e pensiamo di correggerlo una volta che rilasceremo il torrent pack di met\u00e0 o fine serie.<br \/>\nIn ogni caso cercate di scrivere critiche e commenti dove noi possiamo leggerle, ci piace migliorare e saremmo lieti se voi ci aiutaste a farlo.<\/p>\n","protected":false},"excerpt":{"rendered":"<p>Linee Guida Noi del Pluschan Fansub siamo appassionati di animazione, per questo a titolo gratuito vi proponiamo, sottotitolati in italiano, anime da noi ritenuti interessanti, cercando di offrire un&#8217;edizione fruibile da tutti e lavorata con cura. Con la nostra opera non si intende invece danneggiare i profitti di chi produce, sponsorizza e vende questi anime, &hellip; <a href=\"http:\/\/pluschan.lacumpa.biz\/?page_id=216\" class=\"more-link\">Continue reading <span class=\"screen-reader-text\">FAQ<\/span><\/a><\/p>\n","protected":false},"author":1,"featured_media":0,"parent":0,"menu_order":0,"comment_status":"open","ping_status":"open","template":"","meta":[],"_links":{"self":[{"href":"http:\/\/pluschan.lacumpa.biz\/index.php?rest_route=\/wp\/v2\/pages\/216"}],"collection":[{"href":"http:\/\/pluschan.lacumpa.biz\/index.php?rest_route=\/wp\/v2\/pages"}],"about":[{"href":"http:\/\/pluschan.lacumpa.biz\/index.php?rest_route=\/wp\/v2\/types\/page"}],"author":[{"embeddable":true,"href":"http:\/\/pluschan.lacumpa.biz\/index.php?rest_route=\/wp\/v2\/users\/1"}],"replies":[{"embeddable":true,"href":"http:\/\/pluschan.lacumpa.biz\/index.php?rest_route=%2Fwp%2Fv2%2Fcomments&post=216"}],"version-history":[{"count":5,"href":"http:\/\/pluschan.lacumpa.biz\/index.php?rest_route=\/wp\/v2\/pages\/216\/revisions"}],"predecessor-version":[{"id":221,"href":"http:\/\/pluschan.lacumpa.biz\/index.php?rest_route=\/wp\/v2\/pages\/216\/revisions\/221"}],"wp:attachment":[{"href":"http:\/\/pluschan.lacumpa.biz\/index.php?rest_route=%2Fwp%2Fv2%2Fmedia&parent=216"}],"curies":[{"name":"wp","href":"https:\/\/api.w.org\/{rel}","templated":true}]}}